{"id":53,"date":"2019-09-25T20:59:45","date_gmt":"2019-09-25T23:59:45","guid":{"rendered":"https:\/\/3i.com.br\/site\/?page_id=53"},"modified":"2019-10-02T09:37:38","modified_gmt":"2019-10-02T12:37:38","slug":"quem-somos","status":"publish","type":"page","link":"https:\/\/3i.com.br\/site\/quem-somos\/","title":{"rendered":"Quem Somos"},"content":{"rendered":"<h1>Nossa Hist\u00f3ria<\/h1>\n<p>A 3 Informatica, carinhosamente conhecida como 3i, <strong>atua no mercado de Office Banking desde 1995<\/strong>, oferecendo servi\u00e7os de implanta\u00e7\u00e3o, treinamento e suporte em sistemas banc\u00e1rios, tais como cobran\u00e7a, pagamento de fornecedores, pagamento de sal\u00e1rios, vendor, desconto eletr\u00f4nico e outros.<\/p>\n<p><strong>Temos em nossa carteira os principais bancos do mercado.<\/strong> Vimos, nesses anos, conquistando nossos clientes com servi\u00e7os \u00e1geis e de qualidade, centrados no atendimento a todas as necessidades que nos s\u00e3o apresentadas.<\/p>\n<p>A partir de 1999, passamos a oferecer servi\u00e7os de Help Desk atrav\u00e9s de central 0800 para atendimento aos usu\u00e1rios finais de sistemas banc\u00e1rios; com isso, al\u00e9m do atendimento nas instala\u00e7\u00f5es dos clientes, oferecemos suporte telef\u00f4nico para opera\u00e7\u00e3o e manuten\u00e7\u00e3o dos sistemas.<\/p>\n<p>Para que as solu\u00e7\u00f5es ficassem completas, foi criada a \u00e1rea de desenvolvimento de sistemas de Office Banking sob medida, utilizando a experi\u00eancia adquirida em todo esse tempo.<\/p>\n<p>Possu\u00edmos uma excelente estrutura financeira em termos de recursos pr\u00f3prios, bens de capital e fontes de financiamento, assim como um perfil de baixo risco, alto limite de cr\u00e9dito e baixo n\u00edvel de endividamento, comprovado por an\u00e1lises comerciais feitas por empresas especializadas.<\/p>\n<p>&nbsp;<\/p>\n<p><img loading=\"lazy\" decoding=\"async\" class=\"size-full wp-image-61 aligncenter\" src=\"https:\/\/3i.com.br\/site\/wp-content\/uploads\/2019\/09\/img-quem-somos.jpg\" alt=\"\" width=\"1200\" height=\"177\" srcset=\"https:\/\/3i.com.br\/wp-content\/uploads\/2019\/09\/img-quem-somos.jpg 1200w, https:\/\/3i.com.br\/wp-content\/uploads\/2019\/09\/img-quem-somos-300x44.jpg 300w, https:\/\/3i.com.br\/wp-content\/uploads\/2019\/09\/img-quem-somos-768x113.jpg 768w, https:\/\/3i.com.br\/wp-content\/uploads\/2019\/09\/img-quem-somos-1024x151.jpg 1024w\" sizes=\"auto, (max-width: 1200px) 100vw, 1200px\" \/><\/p>\n","protected":false},"excerpt":{"rendered":"<p>Nossa Hist\u00f3ria A 3 Informatica, carinhosamente conhecida como 3i, atua no mercado de Office Banking desde 1995, oferecendo servi\u00e7os de implanta\u00e7\u00e3o, treinamento e suporte em sistemas banc\u00e1rios, tais como cobran\u00e7a, pagamento de fornecedores, pagamento de sal\u00e1rios, vendor, desconto eletr\u00f4nico e outros. Temos em nossa carteira os principais bancos do mercado. Vimos, nesses anos, conquistando nossos [&hellip;]<\/p>\n","protected":false},"author":1,"featured_media":0,"parent":0,"menu_order":0,"comment_status":"closed","ping_status":"closed","template":"","meta":{"_acf_changed":false,"footnotes":""},"class_list":["post-53","page","type-page","status-publish","hentry"],"acf":[],"_links":{"self":[{"href":"https:\/\/3i.com.br\/site\/wp-json\/wp\/v2\/pages\/53","targetHints":{"allow":["GET"]}}],"collection":[{"href":"https:\/\/3i.com.br\/site\/wp-json\/wp\/v2\/pages"}],"about":[{"href":"https:\/\/3i.com.br\/site\/wp-json\/wp\/v2\/types\/page"}],"author":[{"embeddable":true,"href":"https:\/\/3i.com.br\/site\/wp-json\/wp\/v2\/users\/1"}],"replies":[{"embeddable":true,"href":"https:\/\/3i.com.br\/site\/wp-json\/wp\/v2\/comments?post=53"}],"version-history":[{"count":0,"href":"https:\/\/3i.com.br\/site\/wp-json\/wp\/v2\/pages\/53\/revisions"}],"wp:attachment":[{"href":"https:\/\/3i.com.br\/site\/wp-json\/wp\/v2\/media?parent=53"}],"curies":[{"name":"wp","href":"https:\/\/api.w.org\/{rel}","templated":true}]}}