{"id":69,"date":"2019-09-25T23:35:21","date_gmt":"2019-09-26T02:35:21","guid":{"rendered":"https:\/\/3i.com.br\/site\/?page_id=69"},"modified":"2019-10-24T13:04:27","modified_gmt":"2019-10-24T15:04:27","slug":"diferencial-3i","status":"publish","type":"page","link":"https:\/\/3i.com.br\/site\/diferencial-3i\/","title":{"rendered":"Diferencial 3i"},"content":{"rendered":"<h1>Nossos Diferenciais<\/h1>\n<p>Estamos sempre \u00e0 frente do mercado na ado\u00e7\u00e3o de ferramentas e procedimentos que invariavelmente s\u00e3o seguidos pelos nossos concorrentes.<\/p>\n<p>Somos uma empresa centrada no atendimento \u00e0s necessidades dos nossos clientes e, em fun\u00e7\u00e3o disso, temos <strong>atua\u00e7\u00e3o em todo o territ\u00f3rio nacional<\/strong> onde quer que haja uma ag\u00eancia banc\u00e1ria ou cliente de nossos contratantes, procurando estar sempre junto dos mesmos.<\/p>\n<p>Oferecemos um atendimento regionalizado, respeitando as diferen\u00e7as que existem entre as diversas pra\u00e7as do pa\u00eds e totalmente integrados com cada um dos mercados.<\/p>\n<p>Cabe-nos, como principal meta, sermos uma empresa singular, com capacidade de sobressair no mercado de Office Banking e TI como exemplo de excel\u00eancia e efici\u00eancia, superando as expectativas dos nossos clientes com criatividade e originalidade.<\/p>\n<p>Somos uma equipe e, como toda equipe que procura ser vencedora, valorizamos o trabalho em conjunto e a import\u00e2ncia da uni\u00e3o em torno de objetivos comuns, guiados pela mesma filosofia e pautados nas mesmas metas a serem atingidas.<\/p>\n<p>As nossas solu\u00e7\u00f5es s\u00e3o abrangentes e v\u00e3o desde a <strong>implanta\u00e7\u00e3o e treinamento de sistemas de Office Banking ao suporte na utiliza\u00e7\u00e3o dos mesmos atrav\u00e9s de central de atendimento, passando pelo desenvolvimento de solu\u00e7\u00f5es personalizadas, servi\u00e7os de manuten\u00e7\u00e3o, instala\u00e7\u00e3o e treinamento de sistemas, aplicativos e equipamentos de Inform\u00e1tica.<\/strong><\/p>\n<p>Fomos a primeira a ter presen\u00e7a em todo o territ\u00f3rio nacional, a primeira a manter escrit\u00f3rios para atender a todas as regi\u00f5es, a primeira a ter uma central de atendimento 0800 para os t\u00e9cnicos em campo, a primeira a utilizar plenamente a Internet como ferramenta de produtividade e fomos a primeira a ter certifica\u00e7\u00e3o ISO9001 para os servi\u00e7os de Office Banking que prestamos.<\/p>\n<p>Tradi\u00e7\u00e3o, credibilidade, qualidade, agilidade, efici\u00eancia, pioneirismo, atendimento personalizado e a n\u00edvel nacional n\u00e3o s\u00e3o apenas diferenciais de mercado. S\u00e3o as marcas registradas de uma empresa \u00e0 frente do seu tempo que tem, como meta final, a excel\u00eancia dos servi\u00e7os prestados de acordo com os objetivos e necessidades dos seus clientes.<\/p>\n<p>&nbsp;<\/p>\n<p><img loading=\"lazy\" decoding=\"async\" class=\"size-full wp-image-61 aligncenter\" src=\"https:\/\/3i.com.br\/site\/wp-content\/uploads\/2019\/09\/img-quem-somos.jpg\" alt=\"\" width=\"1200\" height=\"177\" srcset=\"https:\/\/3i.com.br\/wp-content\/uploads\/2019\/09\/img-quem-somos.jpg 1200w, https:\/\/3i.com.br\/wp-content\/uploads\/2019\/09\/img-quem-somos-300x44.jpg 300w, https:\/\/3i.com.br\/wp-content\/uploads\/2019\/09\/img-quem-somos-768x113.jpg 768w, https:\/\/3i.com.br\/wp-content\/uploads\/2019\/09\/img-quem-somos-1024x151.jpg 1024w\" sizes=\"auto, (max-width: 1200px) 100vw, 1200px\" \/><\/p>\n","protected":false},"excerpt":{"rendered":"<p>Nossos Diferenciais Estamos sempre \u00e0 frente do mercado na ado\u00e7\u00e3o de ferramentas e procedimentos que invariavelmente s\u00e3o seguidos pelos nossos concorrentes. Somos uma empresa centrada no atendimento \u00e0s necessidades dos nossos clientes e, em fun\u00e7\u00e3o disso, temos atua\u00e7\u00e3o em todo o territ\u00f3rio nacional onde quer que haja uma ag\u00eancia banc\u00e1ria ou cliente de nossos contratantes, [&hellip;]<\/p>\n","protected":false},"author":1,"featured_media":0,"parent":0,"menu_order":0,"comment_status":"closed","ping_status":"closed","template":"","meta":{"_acf_changed":false,"footnotes":""},"class_list":["post-69","page","type-page","status-publish","hentry"],"acf":[],"_links":{"self":[{"href":"https:\/\/3i.com.br\/site\/wp-json\/wp\/v2\/pages\/69","targetHints":{"allow":["GET"]}}],"collection":[{"href":"https:\/\/3i.com.br\/site\/wp-json\/wp\/v2\/pages"}],"about":[{"href":"https:\/\/3i.com.br\/site\/wp-json\/wp\/v2\/types\/page"}],"author":[{"embeddable":true,"href":"https:\/\/3i.com.br\/site\/wp-json\/wp\/v2\/users\/1"}],"replies":[{"embeddable":true,"href":"https:\/\/3i.com.br\/site\/wp-json\/wp\/v2\/comments?post=69"}],"version-history":[{"count":0,"href":"https:\/\/3i.com.br\/site\/wp-json\/wp\/v2\/pages\/69\/revisions"}],"wp:attachment":[{"href":"https:\/\/3i.com.br\/site\/wp-json\/wp\/v2\/media?parent=69"}],"curies":[{"name":"wp","href":"https:\/\/api.w.org\/{rel}","templated":true}]}}